{"id":456,"date":"2015-07-29T13:44:44","date_gmt":"2015-07-29T13:44:44","guid":{"rendered":"https:\/\/zakra-agency.sites.qsandbox.com\/?page_id=4"},"modified":"2025-04-27T18:19:19","modified_gmt":"2025-04-27T18:19:19","slug":"wypozyczalnia-rowerow-i-przyczepek-rowerowych","status":"publish","type":"page","link":"https:\/\/www.campobike.pl\/","title":{"rendered":"Home"},"content":{"rendered":"\t\t<div data-elementor-type=\"wp-page\" data-elementor-id=\"456\" class=\"elementor elementor-456\">\n\t\t\t\t\t\t\t\t\t<section class=\"elementor-section elementor-top-section elementor-element elementor-element-db85304 elementor-section-stretched elementor-section-boxed elementor-section-height-default elementor-section-height-default\" data-id=\"db85304\" data-element_type=\"section\" data-settings=\"{&quot;background_background&quot;:&quot;gradient&quot;,&quot;stretch_section&quot;:&quot;section-stretched&quot;}\">\n\t\t\t\t\t\t\t<div class=\"elementor-background-overlay\"><\/div>\n\t\t\t\t\t\t\t<div class=\"elementor-container elementor-column-gap-no\">\n\t\t\t\t\t<div class=\"elementor-column elementor-col-100 elementor-top-column elementor-element elementor-element-b60806c\" data-id=\"b60806c\" data-element_type=\"column\">\n\t\t\t<div class=\"elementor-widget-wrap elementor-element-populated\">\n\t\t\t\t\t\t\t\t<div class=\"elementor-element elementor-element-fddbf4f elementor-drop-cap-yes elementor-drop-cap-view-default elementor-widget elementor-widget-text-editor\" data-id=\"fddbf4f\" data-element_type=\"widget\" data-settings=\"{&quot;drop_cap&quot;:&quot;yes&quot;}\" data-widget_type=\"text-editor.default\">\n\t\t\t\t<div class=\"elementor-widget-container\">\n\t\t\t\t\t\t\t<p style=\"text-align: center;\"><strong><img decoding=\"async\" class=\" wp-image-1373 alignleft\" src=\"https:\/\/www.campobike.pl\/wp-content\/uploads\/2022\/03\/logo-zielone-kwadrat-2022-300x300.jpg\" alt=\"\" width=\"119\" height=\"119\" srcset=\"https:\/\/www.campobike.pl\/wp-content\/uploads\/2022\/03\/logo-zielone-kwadrat-2022-300x300.jpg 300w, https:\/\/www.campobike.pl\/wp-content\/uploads\/2022\/03\/logo-zielone-kwadrat-2022-150x150.jpg 150w, https:\/\/www.campobike.pl\/wp-content\/uploads\/2022\/03\/logo-zielone-kwadrat-2022-100x100.jpg 100w, https:\/\/www.campobike.pl\/wp-content\/uploads\/2022\/03\/logo-zielone-kwadrat-2022-250x250.jpg 250w, https:\/\/www.campobike.pl\/wp-content\/uploads\/2022\/03\/logo-zielone-kwadrat-2022-350x350.jpg 350w, https:\/\/www.campobike.pl\/wp-content\/uploads\/2022\/03\/logo-zielone-kwadrat-2022.jpg 472w\" sizes=\"(max-width: 119px) 100vw, 119px\" \/>W<\/strong>ypo\u017cyczalnia rower\u00f3w CampoBike istnieje od 2011 roku i jest jedn\u0105 z ta\u0144szych wypo\u017cyczalni w mie\u015bcie !<\/p><p style=\"text-align: center;\">Znajdujemy si\u0119 na terenie Campingu Baltic w Ko\u0142obrzegu w bliskiej odleg\u0142o\u015bci od morza oraz trasy rowerowej R 10 &#8211; mi\u0119dzynarodowego szlaku rowerowego wzd\u0142u\u017c wybrze\u017ca Ba\u0142tyku.<\/p><p>W naszej ofercie znajduj\u0105 si\u0119:<\/p><p>&#8211; rowery miejskie, turystyczne trekkingowe, crossowe z ko\u0142ami\u00a0 26&#8221; ;\u00a0 28&#8221;,<\/p><p><span style=\"background-color: transparent;\">&#8211; rowery elektryczne\u00a0\u00a0<\/span><span style=\"background-color: transparent;\">\u00a0 \u00a0 28&#8221;<\/span><\/p><p>&#8211; rowery MTB \/STORM\/\u00a0 27.5&#8221;\u00a0 ;\u00a0 29&#8221;<\/p><p>&#8211; rowery dla junior\u00f3w\u00a0 24&#8221;\u00a0 ;\u00a0 26&#8221;,<\/p><p><span style=\"background-color: transparent;\">&#8211; rowerki dla dzieci\u00a0 16&#8221;\u00a0 ;\u00a0 20&#8221;,<\/span><\/p><p><span style=\"background-color: transparent;\">&#8211; doczepki jednoko\u0142owe WeeRide dla dzieci,\u00a0<\/span><\/p><p><span style=\"background-color: transparent;\">&#8211; przyczepki rowerowo-spacerowe oraz foteliki dla dzieci,<\/span><\/p><p><span style=\"background-color: transparent;\">\u00a0&#8211; przyczepki rowerowe i koszyki dla ps\u00f3w,\u00a0<\/span><\/p><p><span style=\"background-color: transparent;\">&#8211; rower tandem oraz rower tr\u00f3jko\u0142owy.<\/span><\/p><p><span style=\"background-color: transparent;\">\u00a0Je\u015bli planuj\u0105 Pa\u0144stwo wycieczk\u0119 rowerow\u0105 z ma\u0142ym dzieckiem oferujemy Pa\u0144stwu rower z przyczepk\u0105 ze specjaln\u0105 wk\u0142adk\u0105 dla niemowl\u0105t. Dodatkowo dla bezpiecze\u0144stwa dzieci otrzymuj\u0105 Pa\u0144stwo bezp\u0142atnie kask oraz do ka\u017cdego wypo\u017cyczonego roweru do\u0142\u0105czamy zapi\u0119cie.\u00a0<\/span><\/p><p><span style=\"background-color: transparent;\">Doradzamy i s\u0142u\u017cymy pomoc\u0105 w wyborze rower\u00f3w oraz okolicznych atrakcji i tras rowerowych.<\/span><\/p><center>CampoBike to dobry wyb\u00f3r !<\/center>\t\t\t\t\t\t<\/div>\n\t\t\t\t<\/div>\n\t\t\t\t\t<\/div>\n\t\t<\/div>\n\t\t\t\t\t\t\t<\/div>\n\t\t<\/section>\n\t\t\t\t<section class=\"elementor-section elementor-top-section elementor-element elementor-element-a8bc939 elementor-section-items-stretch elementor-section-stretched elementor-section-height-full elementor-section-boxed elementor-section-height-default\" data-id=\"a8bc939\" data-element_type=\"section\" data-settings=\"{&quot;background_background&quot;:&quot;slideshow&quot;,&quot;stretch_section&quot;:&quot;section-stretched&quot;,&quot;background_slideshow_gallery&quot;:[{&quot;id&quot;:136,&quot;url&quot;:&quot;https:\\\/\\\/www.campobike.pl\\\/wp-content\\\/uploads\\\/2021\\\/02\\\/sciezka01.jpg&quot;},{&quot;id&quot;:1511,&quot;url&quot;:&quot;https:\\\/\\\/www.campobike.pl\\\/wp-content\\\/uploads\\\/2022\\\/03\\\/IMG_6383-scaled.jpg&quot;},{&quot;id&quot;:137,&quot;url&quot;:&quot;https:\\\/\\\/www.campobike.pl\\\/wp-content\\\/uploads\\\/2021\\\/02\\\/sciezka04-e1642740137189.jpg&quot;},{&quot;id&quot;:1309,&quot;url&quot;:&quot;https:\\\/\\\/www.campobike.pl\\\/wp-content\\\/uploads\\\/2022\\\/03\\\/bike7-scaled.jpg&quot;},{&quot;id&quot;:1143,&quot;url&quot;:&quot;https:\\\/\\\/www.campobike.pl\\\/wp-content\\\/uploads\\\/2022\\\/02\\\/baltic-sea-4-scaled.jpg&quot;},{&quot;id&quot;:1295,&quot;url&quot;:&quot;https:\\\/\\\/www.campobike.pl\\\/wp-content\\\/uploads\\\/2022\\\/03\\\/IMG_8994-scaled.jpg&quot;},{&quot;id&quot;:1325,&quot;url&quot;:&quot;https:\\\/\\\/www.campobike.pl\\\/wp-content\\\/uploads\\\/2022\\\/03\\\/file0001041297507.jpg&quot;},{&quot;id&quot;:127,&quot;url&quot;:&quot;https:\\\/\\\/www.campobike.pl\\\/wp-content\\\/uploads\\\/2021\\\/02\\\/IMG_6378-scaled.jpg&quot;}],&quot;background_slideshow_ken_burns&quot;:&quot;yes&quot;,&quot;background_slideshow_loop&quot;:&quot;yes&quot;,&quot;background_slideshow_slide_duration&quot;:5000,&quot;background_slideshow_slide_transition&quot;:&quot;fade&quot;,&quot;background_slideshow_transition_duration&quot;:500,&quot;background_slideshow_ken_burns_zoom_direction&quot;:&quot;in&quot;}\">\n\t\t\t\t\t\t\t<div class=\"elementor-background-overlay\"><\/div>\n\t\t\t\t\t\t\t<div class=\"elementor-container elementor-column-gap-default\">\n\t\t\t\t\t<div class=\"elementor-column elementor-col-100 elementor-top-column elementor-element elementor-element-ae3f805\" data-id=\"ae3f805\" data-element_type=\"column\">\n\t\t\t<div class=\"elementor-widget-wrap\">\n\t\t\t\t\t\t\t\t\t<\/div>\n\t\t<\/div>\n\t\t\t\t\t\t\t<\/div>\n\t\t<\/section>\n\t\t\t\t<section class=\"elementor-section elementor-top-section elementor-element elementor-element-6c2008b elementor-section-stretched elementor-section-full_width elementor-section-height-default elementor-section-height-default\" data-id=\"6c2008b\" data-element_type=\"section\" data-settings=\"{&quot;stretch_section&quot;:&quot;section-stretched&quot;}\">\n\t\t\t\t\t\t\t<div class=\"elementor-background-overlay\"><\/div>\n\t\t\t\t\t\t\t<div class=\"elementor-container elementor-column-gap-default\">\n\t\t\t\t\t<div class=\"elementor-column elementor-col-100 elementor-top-column elementor-element elementor-element-e73a94b\" data-id=\"e73a94b\" data-element_type=\"column\">\n\t\t\t<div class=\"elementor-widget-wrap elementor-element-populated\">\n\t\t\t\t\t\t\t\t<div class=\"elementor-element elementor-element-4be98de elementor-view-stacked elementor-shape-circle elementor-widget elementor-widget-icon\" data-id=\"4be98de\" data-element_type=\"widget\" data-widget_type=\"icon.default\">\n\t\t\t\t<div class=\"elementor-widget-container\">\n\t\t\t\t\t<div class=\"elementor-icon-wrapper\">\n\t\t\t<div class=\"elementor-icon\">\n\t\t\t<i aria-hidden=\"true\" class=\"far fa-clock\"><\/i>\t\t\t<\/div>\n\t\t<\/div>\n\t\t\t\t<\/div>\n\t\t\t\t<\/div>\n\t\t\t\t<div class=\"elementor-element elementor-element-caacf6a elementor-widget-tablet__width-inherit elementor-widget elementor-widget-text-editor\" data-id=\"caacf6a\" data-element_type=\"widget\" data-widget_type=\"text-editor.default\">\n\t\t\t\t<div class=\"elementor-widget-container\">\n\t\t\t\t\t\t\t<p style=\"text-align: center;\"><span style=\"font-family: Raleway; font-size: 14pt;\">w okresie od 01 kwietnia do 31 pa\u017adziernika zapraszamy codziennie<br>(7 dni w tygodniu) od godziny <strong>9:00 <\/strong>rano &#8211; Recepcja Camping Baltic.<br><\/span><\/p>\n<p style=\"text-align: center;\"><span style=\"font-family: Raleway; font-size: 14pt;\"><strong>+48 606 411 954<\/strong><\/span><\/p>\n<p><\/p>\t\t\t\t\t\t<\/div>\n\t\t\t\t<\/div>\n\t\t\t\t\t<\/div>\n\t\t<\/div>\n\t\t\t\t\t\t\t<\/div>\n\t\t<\/section>\n\t\t\t\t<section class=\"elementor-section elementor-top-section elementor-element elementor-element-4ad50e0 elementor-section-full_width elementor-section-stretched elementor-section-height-default elementor-section-height-default\" data-id=\"4ad50e0\" data-element_type=\"section\" data-settings=\"{&quot;stretch_section&quot;:&quot;section-stretched&quot;,&quot;background_background&quot;:&quot;slideshow&quot;,&quot;shape_divider_top&quot;:&quot;waves&quot;,&quot;shape_divider_bottom&quot;:&quot;opacity-fan&quot;,&quot;background_slideshow_gallery&quot;:[],&quot;background_slideshow_loop&quot;:&quot;yes&quot;,&quot;background_slideshow_slide_duration&quot;:5000,&quot;background_slideshow_slide_transition&quot;:&quot;fade&quot;,&quot;background_slideshow_transition_duration&quot;:500}\">\n\t\t\t\t\t\t\t<div class=\"elementor-background-overlay\"><\/div>\n\t\t\t\t\t\t<div class=\"elementor-shape elementor-shape-top\" data-negative=\"false\">\n\t\t\t<svg xmlns=\"http:\/\/www.w3.org\/2000\/svg\" viewBox=\"0 0 1000 100\" preserveAspectRatio=\"none\">\n\t<path class=\"elementor-shape-fill\" d=\"M421.9,6.5c22.6-2.5,51.5,0.4,75.5,5.3c23.6,4.9,70.9,23.5,100.5,35.7c75.8,32.2,133.7,44.5,192.6,49.7\n\tc23.6,2.1,48.7,3.5,103.4-2.5c54.7-6,106.2-25.6,106.2-25.6V0H0v30.3c0,0,72,32.6,158.4,30.5c39.2-0.7,92.8-6.7,134-22.4\n\tc21.2-8.1,52.2-18.2,79.7-24.2C399.3,7.9,411.6,7.5,421.9,6.5z\"\/>\n<\/svg>\t\t<\/div>\n\t\t\t\t<div class=\"elementor-shape elementor-shape-bottom\" data-negative=\"false\">\n\t\t\t<svg xmlns=\"http:\/\/www.w3.org\/2000\/svg\" viewBox=\"0 0 283.5 19.6\" preserveAspectRatio=\"none\">\n\t<path class=\"elementor-shape-fill\" style=\"opacity:0.33\" d=\"M0 0L0 18.8 141.8 4.1 283.5 18.8 283.5 0z\"\/>\n\t<path class=\"elementor-shape-fill\" style=\"opacity:0.33\" d=\"M0 0L0 12.6 141.8 4 283.5 12.6 283.5 0z\"\/>\n\t<path class=\"elementor-shape-fill\" style=\"opacity:0.33\" d=\"M0 0L0 6.4 141.8 4 283.5 6.4 283.5 0z\"\/>\n\t<path class=\"elementor-shape-fill\" d=\"M0 0L0 1.2 141.8 4 283.5 1.2 283.5 0z\"\/>\n<\/svg>\t\t<\/div>\n\t\t\t\t\t<div class=\"elementor-container elementor-column-gap-no\">\n\t\t\t\t\t<div class=\"elementor-column elementor-col-100 elementor-top-column elementor-element elementor-element-17f65a5\" data-id=\"17f65a5\" data-element_type=\"column\">\n\t\t\t<div class=\"elementor-widget-wrap\">\n\t\t\t\t\t\t\t\t\t<\/div>\n\t\t<\/div>\n\t\t\t\t\t\t\t<\/div>\n\t\t<\/section>\n\t\t\t\t\t\t\t<\/div>\n\t\t","protected":false},"excerpt":{"rendered":"<p>Wypo\u017cyczalnia rower\u00f3w CampoBike istnieje od 2011 roku i jest jedn\u0105 z ta\u0144szych wypo\u017cyczalni w mie\u015bcie ! Znajdujemy si\u0119 na terenie Campingu Baltic w Ko\u0142obrzegu w bliskiej odleg\u0142o\u015bci od morza oraz trasy rowerowej R 10 &#8211; mi\u0119dzynarodowego szlaku rowerowego wzd\u0142u\u017c wybrze\u017ca Ba\u0142tyku. W naszej ofercie znajduj\u0105 si\u0119: &#8211; rowery miejskie, turystyczne trekkingowe, crossowe z ko\u0142ami\u00a0 26&#8221; &hellip; <\/p>\n<p class=\"link-more\"><a href=\"https:\/\/www.campobike.pl\/\" class=\"more-link\">Czytaj dalej<span class=\"screen-reader-text\"> \u201eHome\u201d<\/span><\/a><\/p>\n","protected":false},"author":1,"featured_media":0,"parent":0,"menu_order":0,"comment_status":"closed","ping_status":"open","template":"","meta":{"footnotes":""},"class_list":["post-456","page","type-page","status-publish","hentry"],"yoast_head":"<!-- This site is optimized with the Yoast SEO plugin v19.7.2 - https:\/\/yoast.com\/wordpress\/plugins\/seo\/ -->\n<title>Home - CampoBike wypo\u017cyczalnia rower&oacute;w<\/title>\n<meta name=\"description\" content=\"Wypo\u017cyczalnia rower\u00f3w i przyczepek rowerowych, przyczepki oraz rowerki dla dzieci, przyczepki dla ps\u00f3w, rowery z fotelikami, rower tandem.\" \/>\n<meta name=\"robots\" content=\"index, follow, max-snippet:-1, max-image-preview:large, max-video-preview:-1\" \/>\n<link rel=\"canonical\" href=\"https:\/\/www.campobike.pl\/\" \/>\n<meta property=\"og:locale\" content=\"pl_PL\" \/>\n<meta property=\"og:type\" content=\"article\" \/>\n<meta property=\"og:title\" content=\"Home - CampoBike wypo\u017cyczalnia rower&oacute;w\" \/>\n<meta property=\"og:description\" content=\"Wypo\u017cyczalnia rower\u00f3w i przyczepek rowerowych, przyczepki oraz rowerki dla dzieci, przyczepki dla ps\u00f3w, rowery z fotelikami, rower tandem.\" \/>\n<meta property=\"og:url\" content=\"https:\/\/www.campobike.pl\/\" \/>\n<meta property=\"og:site_name\" content=\"CampoBike wypo\u017cyczalnia rower&oacute;w\" \/>\n<meta property=\"article:modified_time\" content=\"2025-04-27T18:19:19+00:00\" \/>\n<meta property=\"og:image\" content=\"https:\/\/www.campobike.pl\/wp-content\/uploads\/2022\/03\/logo-zielone-kwadrat-2022-300x300.jpg\" \/>\n<meta name=\"twitter:card\" content=\"summary_large_image\" \/>\n<meta name=\"twitter:label1\" content=\"Szacowany czas czytania\" \/>\n\t<meta name=\"twitter:data1\" content=\"2 minuty\" \/>\n<script type=\"application\/ld+json\" class=\"yoast-schema-graph\">{\"@context\":\"https:\/\/schema.org\",\"@graph\":[{\"@type\":\"WebPage\",\"@id\":\"https:\/\/www.campobike.pl\/\",\"url\":\"https:\/\/www.campobike.pl\/\",\"name\":\"Home - CampoBike wypo\u017cyczalnia rower&oacute;w\",\"isPartOf\":{\"@id\":\"https:\/\/www.campobike.pl\/#website\"},\"datePublished\":\"2015-07-29T13:44:44+00:00\",\"dateModified\":\"2025-04-27T18:19:19+00:00\",\"description\":\"Wypo\u017cyczalnia rower\u00f3w i przyczepek rowerowych, przyczepki oraz rowerki dla dzieci, przyczepki dla ps\u00f3w, rowery z fotelikami, rower tandem.\",\"breadcrumb\":{\"@id\":\"https:\/\/www.campobike.pl\/#breadcrumb\"},\"inLanguage\":\"pl-PL\",\"potentialAction\":[{\"@type\":\"ReadAction\",\"target\":[\"https:\/\/www.campobike.pl\/\"]}]},{\"@type\":\"BreadcrumbList\",\"@id\":\"https:\/\/www.campobike.pl\/#breadcrumb\",\"itemListElement\":[{\"@type\":\"ListItem\",\"position\":1,\"name\":\"Strona g\u0142\u00f3wna\",\"item\":\"https:\/\/www.campobike.pl\/\"},{\"@type\":\"ListItem\",\"position\":2,\"name\":\"Home\"}]},{\"@type\":\"WebSite\",\"@id\":\"https:\/\/www.campobike.pl\/#website\",\"url\":\"https:\/\/www.campobike.pl\/\",\"name\":\"CampoBike wypo\u017cyczalnia rower&oacute;w\",\"description\":\"czas na rower\",\"publisher\":{\"@id\":\"https:\/\/www.campobike.pl\/#\/schema\/person\/7283692a098fa4cf5ee3d6ee7ff7ff01\"},\"potentialAction\":[{\"@type\":\"SearchAction\",\"target\":{\"@type\":\"EntryPoint\",\"urlTemplate\":\"https:\/\/www.campobike.pl\/?s={search_term_string}\"},\"query-input\":\"required name=search_term_string\"}],\"inLanguage\":\"pl-PL\"},{\"@type\":[\"Person\",\"Organization\"],\"@id\":\"https:\/\/www.campobike.pl\/#\/schema\/person\/7283692a098fa4cf5ee3d6ee7ff7ff01\",\"name\":\"admin\",\"image\":{\"@type\":\"ImageObject\",\"inLanguage\":\"pl-PL\",\"@id\":\"https:\/\/www.campobike.pl\/#\/schema\/person\/image\/\",\"url\":\"https:\/\/www.campobike.pl\/wp-content\/uploads\/2022\/02\/logo-zielone-prostokat-2022.jpg\",\"contentUrl\":\"https:\/\/www.campobike.pl\/wp-content\/uploads\/2022\/02\/logo-zielone-prostokat-2022.jpg\",\"width\":730,\"height\":421,\"caption\":\"admin\"},\"logo\":{\"@id\":\"https:\/\/www.campobike.pl\/#\/schema\/person\/image\/\"},\"sameAs\":[\"http:\/\/www.campobike.pl\"]}]}<\/script>\n<!-- \/ Yoast SEO plugin. -->","yoast_head_json":{"title":"Home - CampoBike wypo\u017cyczalnia rower&oacute;w","description":"Wypo\u017cyczalnia rower\u00f3w i przyczepek rowerowych, przyczepki oraz rowerki dla dzieci, przyczepki dla ps\u00f3w, rowery z fotelikami, rower tandem.","robots":{"index":"index","follow":"follow","max-snippet":"max-snippet:-1","max-image-preview":"max-image-preview:large","max-video-preview":"max-video-preview:-1"},"canonical":"https:\/\/www.campobike.pl\/","og_locale":"pl_PL","og_type":"article","og_title":"Home - CampoBike wypo\u017cyczalnia rower&oacute;w","og_description":"Wypo\u017cyczalnia rower\u00f3w i przyczepek rowerowych, przyczepki oraz rowerki dla dzieci, przyczepki dla ps\u00f3w, rowery z fotelikami, rower tandem.","og_url":"https:\/\/www.campobike.pl\/","og_site_name":"CampoBike wypo\u017cyczalnia rower&oacute;w","article_modified_time":"2025-04-27T18:19:19+00:00","og_image":[{"url":"https:\/\/www.campobike.pl\/wp-content\/uploads\/2022\/03\/logo-zielone-kwadrat-2022-300x300.jpg"}],"twitter_card":"summary_large_image","twitter_misc":{"Szacowany czas czytania":"2 minuty"},"schema":{"@context":"https:\/\/schema.org","@graph":[{"@type":"WebPage","@id":"https:\/\/www.campobike.pl\/","url":"https:\/\/www.campobike.pl\/","name":"Home - CampoBike wypo\u017cyczalnia rower&oacute;w","isPartOf":{"@id":"https:\/\/www.campobike.pl\/#website"},"datePublished":"2015-07-29T13:44:44+00:00","dateModified":"2025-04-27T18:19:19+00:00","description":"Wypo\u017cyczalnia rower\u00f3w i przyczepek rowerowych, przyczepki oraz rowerki dla dzieci, przyczepki dla ps\u00f3w, rowery z fotelikami, rower tandem.","breadcrumb":{"@id":"https:\/\/www.campobike.pl\/#breadcrumb"},"inLanguage":"pl-PL","potentialAction":[{"@type":"ReadAction","target":["https:\/\/www.campobike.pl\/"]}]},{"@type":"BreadcrumbList","@id":"https:\/\/www.campobike.pl\/#breadcrumb","itemListElement":[{"@type":"ListItem","position":1,"name":"Strona g\u0142\u00f3wna","item":"https:\/\/www.campobike.pl\/"},{"@type":"ListItem","position":2,"name":"Home"}]},{"@type":"WebSite","@id":"https:\/\/www.campobike.pl\/#website","url":"https:\/\/www.campobike.pl\/","name":"CampoBike wypo\u017cyczalnia rower&oacute;w","description":"czas na rower","publisher":{"@id":"https:\/\/www.campobike.pl\/#\/schema\/person\/7283692a098fa4cf5ee3d6ee7ff7ff01"},"potentialAction":[{"@type":"SearchAction","target":{"@type":"EntryPoint","urlTemplate":"https:\/\/www.campobike.pl\/?s={search_term_string}"},"query-input":"required name=search_term_string"}],"inLanguage":"pl-PL"},{"@type":["Person","Organization"],"@id":"https:\/\/www.campobike.pl\/#\/schema\/person\/7283692a098fa4cf5ee3d6ee7ff7ff01","name":"admin","image":{"@type":"ImageObject","inLanguage":"pl-PL","@id":"https:\/\/www.campobike.pl\/#\/schema\/person\/image\/","url":"https:\/\/www.campobike.pl\/wp-content\/uploads\/2022\/02\/logo-zielone-prostokat-2022.jpg","contentUrl":"https:\/\/www.campobike.pl\/wp-content\/uploads\/2022\/02\/logo-zielone-prostokat-2022.jpg","width":730,"height":421,"caption":"admin"},"logo":{"@id":"https:\/\/www.campobike.pl\/#\/schema\/person\/image\/"},"sameAs":["http:\/\/www.campobike.pl"]}]}},"_links":{"self":[{"href":"https:\/\/www.campobike.pl\/index.php?rest_route=\/wp\/v2\/pages\/456","targetHints":{"allow":["GET"]}}],"collection":[{"href":"https:\/\/www.campobike.pl\/index.php?rest_route=\/wp\/v2\/pages"}],"about":[{"href":"https:\/\/www.campobike.pl\/index.php?rest_route=\/wp\/v2\/types\/page"}],"author":[{"embeddable":true,"href":"https:\/\/www.campobike.pl\/index.php?rest_route=\/wp\/v2\/users\/1"}],"replies":[{"embeddable":true,"href":"https:\/\/www.campobike.pl\/index.php?rest_route=%2Fwp%2Fv2%2Fcomments&post=456"}],"version-history":[{"count":645,"href":"https:\/\/www.campobike.pl\/index.php?rest_route=\/wp\/v2\/pages\/456\/revisions"}],"predecessor-version":[{"id":2237,"href":"https:\/\/www.campobike.pl\/index.php?rest_route=\/wp\/v2\/pages\/456\/revisions\/2237"}],"wp:attachment":[{"href":"https:\/\/www.campobike.pl\/index.php?rest_route=%2Fwp%2Fv2%2Fmedia&parent=456"}],"curies":[{"name":"wp","href":"https:\/\/api.w.org\/{rel}","templated":true}]}}