{"id":745,"date":"2020-06-16T06:55:49","date_gmt":"2020-06-16T06:55:49","guid":{"rendered":"https:\/\/zakra-agency.sites.qsandbox.com\/?page_id=22"},"modified":"2023-10-14T20:58:15","modified_gmt":"2023-10-14T20:58:15","slug":"kolobrzeg-wypozyczalnia","status":"publish","type":"page","link":"https:\/\/www.campobike.pl\/?page_id=745","title":{"rendered":"Ko\u0142obrzeg"},"content":{"rendered":"\t\t<div data-elementor-type=\"wp-page\" data-elementor-id=\"745\" class=\"elementor elementor-745\">\n\t\t\t\t\t\t\t\t\t<section class=\"elementor-section elementor-top-section elementor-element elementor-element-c664bfd elementor-section-stretched elementor-section-boxed elementor-section-height-default elementor-section-height-default\" data-id=\"c664bfd\" data-element_type=\"section\" data-settings=\"{&quot;stretch_section&quot;:&quot;section-stretched&quot;}\">\n\t\t\t\t\t\t<div class=\"elementor-container elementor-column-gap-default\">\n\t\t\t\t\t<div class=\"elementor-column elementor-col-100 elementor-top-column elementor-element elementor-element-e389a3b\" data-id=\"e389a3b\" data-element_type=\"column\">\n\t\t\t<div class=\"elementor-widget-wrap elementor-element-populated\">\n\t\t\t\t\t\t\t\t<div class=\"elementor-element elementor-element-3723e43 elementor-drop-cap-yes elementor-widget__width-initial elementor-drop-cap-view-default elementor-widget elementor-widget-text-editor\" data-id=\"3723e43\" data-element_type=\"widget\" data-settings=\"{&quot;drop_cap&quot;:&quot;yes&quot;}\" data-widget_type=\"text-editor.default\">\n\t\t\t\t<div class=\"elementor-widget-container\">\n\t\t\t\t\t\t\t<p><img decoding=\"async\" class=\"size-medium wp-image-1106 alignleft\" src=\"https:\/\/www.campobike.pl\/wp-content\/uploads\/2022\/02\/molo_1-300x169.jpg\" alt=\"\" width=\"300\" height=\"169\" srcset=\"https:\/\/www.campobike.pl\/wp-content\/uploads\/2022\/02\/molo_1-300x169.jpg 300w, https:\/\/www.campobike.pl\/wp-content\/uploads\/2022\/02\/molo_1-1024x576.jpg 1024w, https:\/\/www.campobike.pl\/wp-content\/uploads\/2022\/02\/molo_1-768x432.jpg 768w, https:\/\/www.campobike.pl\/wp-content\/uploads\/2022\/02\/molo_1-1536x864.jpg 1536w, https:\/\/www.campobike.pl\/wp-content\/uploads\/2022\/02\/molo_1-350x197.jpg 350w, https:\/\/www.campobike.pl\/wp-content\/uploads\/2022\/02\/molo_1.jpg 1920w\" sizes=\"(max-width: 300px) 100vw, 300px\" \/>Ko\u0142obrzeg to najwi\u0119ksze uzdrowisko w Polsce, le\u017c\u0105ce przy uj\u015bciu rzeki Pars\u0119ty do Ba\u0142tyku. \u00a0To r\u00f3wnie\u017c port handlowy, rybacki, pasa\u017cerski i wojenny. Od daw<span style=\"font-size: 1rem;\">na Ko\u0142obrzeg przyci\u0105ga tysi\u0105ce turyst\u00f3w urokiem szerokich i piasczystych pla\u017c, specyficznym mikroklimatem i atrakcjami wakacyjnego kurortu. <\/span><span style=\"font-size: 1rem;\">Czyste morskie powietrze, \u017ar\u00f3d\u0142a solankowe, borowina, du\u017ce nas\u0142onecznienie wszystko to zadecydowa\u0142o i\u017c Ko\u0142obrzeg zdoby\u0142 uznanie najznakomitszego uzdrowiska nad Ba\u0142tykiem .<\/span><\/p><p><img decoding=\"async\" class=\"size-medium wp-image-1103 alignright\" src=\"https:\/\/www.campobike.pl\/wp-content\/uploads\/2022\/02\/kolobrzeg10-300x169.jpg\" alt=\"\" width=\"300\" height=\"169\" srcset=\"https:\/\/www.campobike.pl\/wp-content\/uploads\/2022\/02\/kolobrzeg10-300x169.jpg 300w, https:\/\/www.campobike.pl\/wp-content\/uploads\/2022\/02\/kolobrzeg10-350x197.jpg 350w, https:\/\/www.campobike.pl\/wp-content\/uploads\/2022\/02\/kolobrzeg10.jpg 768w\" sizes=\"(max-width: 300px) 100vw, 300px\" \/><span style=\"font-size: 1rem;\">Uzdrowisko Ko\u0142obrzeg leczy schorzenia dr\u00f3g oddechowych, uk\u0142adu kr\u0105\u017cenia, narz\u0105d\u00f3w ruchu, uk\u0142adu wydzielania wewn\u0119trznego i przemiany materii (g\u0142\u00f3wnie cukrzycy). U dzieci leczy si\u0119 astm\u0119 oskrzelow\u0105, zaburzenia endokrynologiczne (oty\u0142o\u015b\u0107, cukrzyca, choroby tarczycy) oraz alergiczne schorzenia sk\u00f3ry.<\/span><\/p><p><img decoding=\"async\" class=\"size-medium wp-image-1104 alignleft\" src=\"https:\/\/www.campobike.pl\/wp-content\/uploads\/2022\/02\/kolobrzeg11-300x199.jpg\" alt=\"\" width=\"300\" height=\"199\" srcset=\"https:\/\/www.campobike.pl\/wp-content\/uploads\/2022\/02\/kolobrzeg11-300x199.jpg 300w, https:\/\/www.campobike.pl\/wp-content\/uploads\/2022\/02\/kolobrzeg11-1024x681.jpg 1024w, https:\/\/www.campobike.pl\/wp-content\/uploads\/2022\/02\/kolobrzeg11-768x510.jpg 768w, https:\/\/www.campobike.pl\/wp-content\/uploads\/2022\/02\/kolobrzeg11-1536x1021.jpg 1536w, https:\/\/www.campobike.pl\/wp-content\/uploads\/2022\/02\/kolobrzeg11-350x233.jpg 350w, https:\/\/www.campobike.pl\/wp-content\/uploads\/2022\/02\/kolobrzeg11.jpg 2048w\" sizes=\"(max-width: 300px) 100vw, 300px\" \/><\/p><p>Ko\u0142obrzeg zalicza si\u0119 do najstarszych Polskich miast, znany by\u0142 ju\u017c w VIII w.,\u00a0<span style=\"font-size: 1rem;\">\u00d3wczesna lokalizacja grodu nie mia\u0142a nic wsp\u00f3lnego z dzisiejszymi granicami miasta bo pierwotny Ko\u0142obrzeg znajdowa\u0142 si\u0119 \u00a0oko\u0142o trzech kilometr\u00f3w od brzegu Ba\u0142tyku. W miejscu tym obecnie znajduje si\u0119 jedna z dzielnic Ko\u0142obrzegu z osiedlem domk\u00f3w jednorodzinnych \u2013 Budzistowo. <\/span><br \/><span style=\"font-size: 1rem;\">Tam te\u017c znajduje si\u0119 najstarszy zabytkowy Ko\u015bci\u00f3\u0142 \u015bw. Jana z 1222 ro<\/span><span style=\"font-size: 1rem;\">ku.<\/span> Ranga grodu wzros\u0142a znacznie kiedy to w 1000 roku Boles\u0142aw Chrobry i cesarz Niemiec Otton III na zje\u017adzie w Gnie\u017anie, ustanowili w Ko\u0142obrzegu biskupstwo. W 1255 roku wydano dokument o nowej lokalizacji miasta, w granicach zbli\u017conych do obecnego \u015br\u00f3dmie\u015bcia.<\/p><p><img decoding=\"async\" class=\"size-medium wp-image-1105 alignright\" src=\"https:\/\/www.campobike.pl\/wp-content\/uploads\/2022\/02\/kolobrzeg_3-300x169.jpg\" alt=\"\" width=\"300\" height=\"169\" srcset=\"https:\/\/www.campobike.pl\/wp-content\/uploads\/2022\/02\/kolobrzeg_3-300x169.jpg 300w, https:\/\/www.campobike.pl\/wp-content\/uploads\/2022\/02\/kolobrzeg_3-1024x576.jpg 1024w, https:\/\/www.campobike.pl\/wp-content\/uploads\/2022\/02\/kolobrzeg_3-768x432.jpg 768w, https:\/\/www.campobike.pl\/wp-content\/uploads\/2022\/02\/kolobrzeg_3-1536x864.jpg 1536w, https:\/\/www.campobike.pl\/wp-content\/uploads\/2022\/02\/kolobrzeg_3-350x197.jpg 350w, https:\/\/www.campobike.pl\/wp-content\/uploads\/2022\/02\/kolobrzeg_3.jpg 1920w\" sizes=\"(max-width: 300px) 100vw, 300px\" \/><\/p><p>Ko\u0142obrzeg czerpa\u0142 zyski g\u0142\u00f3wnie z warzelni soli. W XV wieku sta\u0142 si\u0119 cz\u0142onkiem Hanzy,\u00a0pot\u0119\u017cnej organizacji miast portowych po\u0142o\u017conych nad Ba\u0142tykiem. Na pocz\u0105tku XIX wieku zacz\u0119to dostrzega\u0107 walory uzdrowiskowe Ko\u0142obrzegu i pod koniec drugiej po\u0142owy tego\u017c wieku powsta\u0142y pierwsze obiekty uzdrowiskowe.<\/p><p><img decoding=\"async\" class=\"wp-image-1113 size-medium alignleft\" src=\"https:\/\/www.campobike.pl\/wp-content\/uploads\/2022\/02\/kolobrzeg1-300x201.jpeg\" alt=\"\" width=\"300\" height=\"201\" srcset=\"https:\/\/www.campobike.pl\/wp-content\/uploads\/2022\/02\/kolobrzeg1-300x201.jpeg 300w, https:\/\/www.campobike.pl\/wp-content\/uploads\/2022\/02\/kolobrzeg1-350x234.jpeg 350w, https:\/\/www.campobike.pl\/wp-content\/uploads\/2022\/02\/kolobrzeg1.jpeg 550w\" sizes=\"(max-width: 300px) 100vw, 300px\" \/><\/p><p>Ko\u0142obrzeg to pi\u0119kne nadmorskie miasto, kt\u00f3re ju\u017c przed wojn\u0105 nazywane by\u0142o\u00a0<strong style=\"font-size: 1rem;\">\u201ePer\u0142\u0105 Ba\u0142tyku\u201d.<\/strong><\/p>\t\t\t\t\t\t<\/div>\n\t\t\t\t<\/div>\n\t\t\t\t\t<\/div>\n\t\t<\/div>\n\t\t\t\t\t\t\t<\/div>\n\t\t<\/section>\n\t\t\t\t\t\t\t<\/div>\n\t\t","protected":false},"excerpt":{"rendered":"<p>Ko\u0142obrzeg to najwi\u0119ksze uzdrowisko w Polsce, le\u017c\u0105ce przy uj\u015bciu rzeki Pars\u0119ty do Ba\u0142tyku. &nbsp;To r\u00f3wnie\u017c port handlowy, rybacki, pasa\u017cerski i wojenny. Od dawna Ko\u0142obrzeg przyci\u0105ga tysi\u0105ce turyst\u00f3w urokiem szerokich i piasczystych pla\u017c, specyficznym mikroklimatem i atrakcjami wakacyjnego kurortu. Czyste morskie powietrze, \u017ar\u00f3d\u0142a solankowe, borowina, du\u017ce nas\u0142onecznienie wszystko to zadecydowa\u0142o i\u017c Ko\u0142obrzeg zdoby\u0142 uznanie najznakomitszego uzdrowiska &hellip; <\/p>\n<p class=\"link-more\"><a href=\"https:\/\/www.campobike.pl\/?page_id=745\" class=\"more-link\">Czytaj dalej<span class=\"screen-reader-text\"> \u201eKo\u0142obrzeg\u201d<\/span><\/a><\/p>\n","protected":false},"author":1,"featured_media":0,"parent":0,"menu_order":0,"comment_status":"closed","ping_status":"closed","template":"","meta":{"footnotes":""},"class_list":["post-745","page","type-page","status-publish","hentry"],"yoast_head":"<!-- This site is optimized with the Yoast SEO plugin v19.7.2 - https:\/\/yoast.com\/wordpress\/plugins\/seo\/ -->\n<title>Ko\u0142obrzeg - CampoBike wypo\u017cyczalnia rower&oacute;w<\/title>\n<meta name=\"description\" content=\"Bed\u0105c w Ko\u0142obrzegu nie mo\u017cesz pomin\u0105\u0107 pi\u0119knej \u015bcie\u017cki rowerowej prowadz\u0105cej brzegiem morza. Zapraszamy po rowery i w drog\u0119 !\" \/>\n<meta name=\"robots\" content=\"index, follow, max-snippet:-1, max-image-preview:large, max-video-preview:-1\" \/>\n<link rel=\"canonical\" href=\"https:\/\/www.campobike.pl\/?page_id=745\" \/>\n<meta property=\"og:locale\" content=\"pl_PL\" \/>\n<meta property=\"og:type\" content=\"article\" \/>\n<meta property=\"og:title\" content=\"Ko\u0142obrzeg - CampoBike wypo\u017cyczalnia rower&oacute;w\" \/>\n<meta property=\"og:description\" content=\"Bed\u0105c w Ko\u0142obrzegu nie mo\u017cesz pomin\u0105\u0107 pi\u0119knej \u015bcie\u017cki rowerowej prowadz\u0105cej brzegiem morza. Zapraszamy po rowery i w drog\u0119 !\" \/>\n<meta property=\"og:url\" content=\"https:\/\/www.campobike.pl\/?page_id=745\" \/>\n<meta property=\"og:site_name\" content=\"CampoBike wypo\u017cyczalnia rower&oacute;w\" \/>\n<meta property=\"article:modified_time\" content=\"2023-10-14T20:58:15+00:00\" \/>\n<meta property=\"og:image\" content=\"https:\/\/www.campobike.pl\/wp-content\/uploads\/2022\/02\/molo_1-300x169.jpg\" \/>\n<meta name=\"twitter:card\" content=\"summary_large_image\" \/>\n<meta name=\"twitter:label1\" content=\"Szacowany czas czytania\" \/>\n\t<meta name=\"twitter:data1\" content=\"3 minuty\" \/>\n<script type=\"application\/ld+json\" class=\"yoast-schema-graph\">{\"@context\":\"https:\/\/schema.org\",\"@graph\":[{\"@type\":\"WebPage\",\"@id\":\"https:\/\/www.campobike.pl\/?page_id=745\",\"url\":\"https:\/\/www.campobike.pl\/?page_id=745\",\"name\":\"Ko\u0142obrzeg - CampoBike wypo\u017cyczalnia rower&oacute;w\",\"isPartOf\":{\"@id\":\"https:\/\/www.campobike.pl\/#website\"},\"datePublished\":\"2020-06-16T06:55:49+00:00\",\"dateModified\":\"2023-10-14T20:58:15+00:00\",\"description\":\"Bed\u0105c w Ko\u0142obrzegu nie mo\u017cesz pomin\u0105\u0107 pi\u0119knej \u015bcie\u017cki rowerowej prowadz\u0105cej brzegiem morza. Zapraszamy po rowery i w drog\u0119 !\",\"breadcrumb\":{\"@id\":\"https:\/\/www.campobike.pl\/?page_id=745#breadcrumb\"},\"inLanguage\":\"pl-PL\",\"potentialAction\":[{\"@type\":\"ReadAction\",\"target\":[\"https:\/\/www.campobike.pl\/?page_id=745\"]}]},{\"@type\":\"BreadcrumbList\",\"@id\":\"https:\/\/www.campobike.pl\/?page_id=745#breadcrumb\",\"itemListElement\":[{\"@type\":\"ListItem\",\"position\":1,\"name\":\"Strona g\u0142\u00f3wna\",\"item\":\"https:\/\/www.campobike.pl\/\"},{\"@type\":\"ListItem\",\"position\":2,\"name\":\"Ko\u0142obrzeg\"}]},{\"@type\":\"WebSite\",\"@id\":\"https:\/\/www.campobike.pl\/#website\",\"url\":\"https:\/\/www.campobike.pl\/\",\"name\":\"CampoBike wypo\u017cyczalnia rower&oacute;w\",\"description\":\"czas na rower\",\"publisher\":{\"@id\":\"https:\/\/www.campobike.pl\/#\/schema\/person\/7283692a098fa4cf5ee3d6ee7ff7ff01\"},\"potentialAction\":[{\"@type\":\"SearchAction\",\"target\":{\"@type\":\"EntryPoint\",\"urlTemplate\":\"https:\/\/www.campobike.pl\/?s={search_term_string}\"},\"query-input\":\"required name=search_term_string\"}],\"inLanguage\":\"pl-PL\"},{\"@type\":[\"Person\",\"Organization\"],\"@id\":\"https:\/\/www.campobike.pl\/#\/schema\/person\/7283692a098fa4cf5ee3d6ee7ff7ff01\",\"name\":\"admin\",\"image\":{\"@type\":\"ImageObject\",\"inLanguage\":\"pl-PL\",\"@id\":\"https:\/\/www.campobike.pl\/#\/schema\/person\/image\/\",\"url\":\"https:\/\/www.campobike.pl\/wp-content\/uploads\/2022\/02\/logo-zielone-prostokat-2022.jpg\",\"contentUrl\":\"https:\/\/www.campobike.pl\/wp-content\/uploads\/2022\/02\/logo-zielone-prostokat-2022.jpg\",\"width\":730,\"height\":421,\"caption\":\"admin\"},\"logo\":{\"@id\":\"https:\/\/www.campobike.pl\/#\/schema\/person\/image\/\"},\"sameAs\":[\"http:\/\/www.campobike.pl\"]}]}<\/script>\n<!-- \/ Yoast SEO plugin. -->","yoast_head_json":{"title":"Ko\u0142obrzeg - CampoBike wypo\u017cyczalnia rower&oacute;w","description":"Bed\u0105c w Ko\u0142obrzegu nie mo\u017cesz pomin\u0105\u0107 pi\u0119knej \u015bcie\u017cki rowerowej prowadz\u0105cej brzegiem morza. Zapraszamy po rowery i w drog\u0119 !","robots":{"index":"index","follow":"follow","max-snippet":"max-snippet:-1","max-image-preview":"max-image-preview:large","max-video-preview":"max-video-preview:-1"},"canonical":"https:\/\/www.campobike.pl\/?page_id=745","og_locale":"pl_PL","og_type":"article","og_title":"Ko\u0142obrzeg - CampoBike wypo\u017cyczalnia rower&oacute;w","og_description":"Bed\u0105c w Ko\u0142obrzegu nie mo\u017cesz pomin\u0105\u0107 pi\u0119knej \u015bcie\u017cki rowerowej prowadz\u0105cej brzegiem morza. Zapraszamy po rowery i w drog\u0119 !","og_url":"https:\/\/www.campobike.pl\/?page_id=745","og_site_name":"CampoBike wypo\u017cyczalnia rower&oacute;w","article_modified_time":"2023-10-14T20:58:15+00:00","og_image":[{"url":"https:\/\/www.campobike.pl\/wp-content\/uploads\/2022\/02\/molo_1-300x169.jpg"}],"twitter_card":"summary_large_image","twitter_misc":{"Szacowany czas czytania":"3 minuty"},"schema":{"@context":"https:\/\/schema.org","@graph":[{"@type":"WebPage","@id":"https:\/\/www.campobike.pl\/?page_id=745","url":"https:\/\/www.campobike.pl\/?page_id=745","name":"Ko\u0142obrzeg - CampoBike wypo\u017cyczalnia rower&oacute;w","isPartOf":{"@id":"https:\/\/www.campobike.pl\/#website"},"datePublished":"2020-06-16T06:55:49+00:00","dateModified":"2023-10-14T20:58:15+00:00","description":"Bed\u0105c w Ko\u0142obrzegu nie mo\u017cesz pomin\u0105\u0107 pi\u0119knej \u015bcie\u017cki rowerowej prowadz\u0105cej brzegiem morza. Zapraszamy po rowery i w drog\u0119 !","breadcrumb":{"@id":"https:\/\/www.campobike.pl\/?page_id=745#breadcrumb"},"inLanguage":"pl-PL","potentialAction":[{"@type":"ReadAction","target":["https:\/\/www.campobike.pl\/?page_id=745"]}]},{"@type":"BreadcrumbList","@id":"https:\/\/www.campobike.pl\/?page_id=745#breadcrumb","itemListElement":[{"@type":"ListItem","position":1,"name":"Strona g\u0142\u00f3wna","item":"https:\/\/www.campobike.pl\/"},{"@type":"ListItem","position":2,"name":"Ko\u0142obrzeg"}]},{"@type":"WebSite","@id":"https:\/\/www.campobike.pl\/#website","url":"https:\/\/www.campobike.pl\/","name":"CampoBike wypo\u017cyczalnia rower&oacute;w","description":"czas na rower","publisher":{"@id":"https:\/\/www.campobike.pl\/#\/schema\/person\/7283692a098fa4cf5ee3d6ee7ff7ff01"},"potentialAction":[{"@type":"SearchAction","target":{"@type":"EntryPoint","urlTemplate":"https:\/\/www.campobike.pl\/?s={search_term_string}"},"query-input":"required name=search_term_string"}],"inLanguage":"pl-PL"},{"@type":["Person","Organization"],"@id":"https:\/\/www.campobike.pl\/#\/schema\/person\/7283692a098fa4cf5ee3d6ee7ff7ff01","name":"admin","image":{"@type":"ImageObject","inLanguage":"pl-PL","@id":"https:\/\/www.campobike.pl\/#\/schema\/person\/image\/","url":"https:\/\/www.campobike.pl\/wp-content\/uploads\/2022\/02\/logo-zielone-prostokat-2022.jpg","contentUrl":"https:\/\/www.campobike.pl\/wp-content\/uploads\/2022\/02\/logo-zielone-prostokat-2022.jpg","width":730,"height":421,"caption":"admin"},"logo":{"@id":"https:\/\/www.campobike.pl\/#\/schema\/person\/image\/"},"sameAs":["http:\/\/www.campobike.pl"]}]}},"_links":{"self":[{"href":"https:\/\/www.campobike.pl\/index.php?rest_route=\/wp\/v2\/pages\/745","targetHints":{"allow":["GET"]}}],"collection":[{"href":"https:\/\/www.campobike.pl\/index.php?rest_route=\/wp\/v2\/pages"}],"about":[{"href":"https:\/\/www.campobike.pl\/index.php?rest_route=\/wp\/v2\/types\/page"}],"author":[{"embeddable":true,"href":"https:\/\/www.campobike.pl\/index.php?rest_route=\/wp\/v2\/users\/1"}],"replies":[{"embeddable":true,"href":"https:\/\/www.campobike.pl\/index.php?rest_route=%2Fwp%2Fv2%2Fcomments&post=745"}],"version-history":[{"count":52,"href":"https:\/\/www.campobike.pl\/index.php?rest_route=\/wp\/v2\/pages\/745\/revisions"}],"predecessor-version":[{"id":2069,"href":"https:\/\/www.campobike.pl\/index.php?rest_route=\/wp\/v2\/pages\/745\/revisions\/2069"}],"wp:attachment":[{"href":"https:\/\/www.campobike.pl\/index.php?rest_route=%2Fwp%2Fv2%2Fmedia&parent=745"}],"curies":[{"name":"wp","href":"https:\/\/api.w.org\/{rel}","templated":true}]}}