{"id":767,"date":"2021-04-15T22:21:19","date_gmt":"2021-04-15T22:21:19","guid":{"rendered":"https:\/\/www.campobike.pl\/?page_id=767"},"modified":"2025-04-28T22:13:01","modified_gmt":"2025-04-28T22:13:01","slug":"cennik-campobike-rowerem-nad-morzem","status":"publish","type":"page","link":"https:\/\/www.campobike.pl\/?page_id=767","title":{"rendered":"Cennik"},"content":{"rendered":"\t\t<div data-elementor-type=\"wp-page\" data-elementor-id=\"767\" class=\"elementor elementor-767\">\n\t\t\t\t\t\t\t\t\t<section class=\"elementor-section elementor-top-section elementor-element elementor-element-5e9fb3d7 elementor-section-stretched elementor-section-boxed elementor-section-height-default elementor-section-height-default\" data-id=\"5e9fb3d7\" data-element_type=\"section\" data-settings=\"{&quot;stretch_section&quot;:&quot;section-stretched&quot;}\">\n\t\t\t\t\t\t<div class=\"elementor-container elementor-column-gap-custom\">\n\t\t\t\t\t<div class=\"elementor-column elementor-col-100 elementor-top-column elementor-element elementor-element-2df883c\" data-id=\"2df883c\" data-element_type=\"column\">\n\t\t\t<div class=\"elementor-widget-wrap elementor-element-populated\">\n\t\t\t\t\t\t\t\t<div class=\"elementor-element elementor-element-a4efd85 elementor-widget elementor-widget-text-editor\" data-id=\"a4efd85\" data-element_type=\"widget\" data-widget_type=\"text-editor.default\">\n\t\t\t\t<div class=\"elementor-widget-container\">\n\t\t\t\t\t\t\t<p><!-- wp:columns {\"verticalAlignment\":null} --><\/p>\n<div class=\"wp-block-columns\">\n<div class=\"wp-block-column is-vertically-aligned-top\" style=\"flex-basis: 100%;\">\n<div class=\"wp-block-group\">\n<div class=\"wp-block-columns\">\n<div class=\"wp-block-column\" style=\"flex-basis: 100%;\">\n<div class=\"wp-block-columns\">\n<div class=\"wp-block-column is-vertically-aligned-top\" style=\"flex-basis: 150%;\">\n<div class=\"wp-block-group\">\n<figure class=\"wp-block-table is-style-stripes\" style=\"text-transform: uppercase;\">\n<table class=\"has-black-color has-pale-cyan-blue-background-color has-text-color has-background\">\n<thead>\n<tr>\n<th class=\"has-text-align-center\" data-align=\"center\">\n<h3>w okresie&nbsp; 01.04. &#8211; 30.06. \/ 01.09. &#8211; 31.10.<\/h3>\n<\/th>\n<th class=\"has-text-align-center\" data-align=\"center\">1 h<\/th>\n<th class=\"has-text-align-center\" data-align=\"center\">10\/11\/12 h*<\/th>\n<th class=\"has-text-align-center\" data-align=\"center\">24 h<\/th>\n<\/tr>\n<\/thead>\n<tbody>\n<tr>\n<td class=\"has-text-align-center\" data-align=\"center\">&nbsp; &nbsp; &nbsp; &nbsp;rower&nbsp; MIEJSKI&nbsp; \/ CITY BIKE&nbsp; &nbsp;\/26&#8221; ; 28&#8221;\/<\/td>\n<td class=\"has-text-align-center\" data-align=\"center\">9 z\u0142<\/td>\n<td class=\"has-text-align-center\" data-align=\"center\">40 z\u0142<\/td>\n<td class=\"has-text-align-center\" data-align=\"center\">50 z\u0142<\/td>\n<\/tr>\n<tr>\n<td class=\"has-text-align-center\" data-align=\"center\">rower G\u00d3RSKI, MTB, TREKKING, ROWER TR\u00d3JKO\u0141OWY<\/td>\n<td class=\"has-text-align-center\" data-align=\"center\">12 z\u0142<\/td>\n<td class=\"has-text-align-center\" data-align=\"center\">45 z\u0142<\/td>\n<td class=\"has-text-align-center\" data-align=\"center\">55 z\u0142<\/td>\n<\/tr>\n<tr>\n<td class=\"has-text-align-center\" data-align=\"center\">rower dzieci\u0119cy \/ 16&#8221; ; 20&#8221;; 24&#8221;\/<\/td>\n<td class=\"has-text-align-center\" data-align=\"center\">8 z\u0142<\/td>\n<td class=\"has-text-align-center\" data-align=\"center\">35 z\u0142<\/td>\n<td class=\"has-text-align-center\" data-align=\"center\">45 z\u0142<\/td>\n<\/tr>\n<tr>\n<td class=\"has-text-align-center\" data-align=\"center\">rower elektryczny \/ E-BIKE&nbsp; 28&#8221;<\/td>\n<td class=\"has-text-align-center\" data-align=\"center\">25 z\u0142<\/td>\n<td class=\"has-text-align-center\" data-align=\"center\">100 z\u0142<\/td>\n<td class=\"has-text-align-center\" data-align=\"center\">&#8211;<\/td>\n<\/tr>\n<tr>\n<td class=\"has-text-align-center\" data-align=\"center\">ROWER + przyczepkA DLA DZIECI \/1-OS. ; 2-OS.\/<\/td>\n<td class=\"has-text-align-center\" data-align=\"center\">19 z\u0142<\/td>\n<td class=\"has-text-align-center\" data-align=\"center\">75 z\u0142<\/td>\n<td class=\"has-text-align-center\" data-align=\"center\">85 z\u0142<\/td>\n<\/tr>\n<tr>\n<td class=\"has-text-align-center\" data-align=\"center\">rower + fotelik dla dziecka hamax do 22 kg<\/td>\n<td class=\"has-text-align-center\" data-align=\"center\">12 Z\u0141<\/td>\n<td class=\"has-text-align-center\" data-align=\"center\">45 z\u0142<\/td>\n<td class=\"has-text-align-center\" data-align=\"center\">55 Z\u0141<\/td>\n<\/tr>\n<tr>\n<td class=\"has-text-align-center\" data-align=\"center\">&nbsp; &nbsp; &nbsp;przyczepka ROWEROWO-SPACEROWA&nbsp; \/1-OS. ; 2-os.\/<\/td>\n<td class=\"has-text-align-center\" data-align=\"center\">10 z\u0142<\/td>\n<td class=\"has-text-align-center\" data-align=\"center\">40 z\u0142<\/td>\n<td class=\"has-text-align-center\" data-align=\"center\">50 Z\u0141<\/td>\n<\/tr>\n<tr>\n<td class=\"has-text-align-center\" data-align=\"center\">doczepka WEERIDE DLA DZIECKA&nbsp; \/20&#8221;\/ **<\/td>\n<td class=\"has-text-align-center\" data-align=\"center\">8 z\u0142<\/td>\n<td class=\"has-text-align-center\" data-align=\"center\">30 z\u0142<\/td>\n<td class=\"has-text-align-center\" data-align=\"center\">35 z\u0142<\/td>\n<\/tr>\n<tr>\n<td class=\"has-text-align-center\" data-align=\"center\">&nbsp;ROWER + PRZYCZEPKa DLA PSA<\/td>\n<td class=\"has-text-align-center\" data-align=\"center\">18 z\u0142<\/td>\n<td class=\"has-text-align-center\" data-align=\"center\">70 z\u0142<\/td>\n<td class=\"has-text-align-center\" data-align=\"center\">80 Z\u0141<\/td>\n<\/tr>\n<tr>\n<td class=\"has-text-align-center\" data-align=\"center\">przyczepka ROWEROWA dla psa&nbsp; \/DO 15KG; DO 22KG \/<\/td>\n<td class=\"has-text-align-center\" data-align=\"center\">9 z\u0142<\/td>\n<td class=\"has-text-align-center\" data-align=\"center\">40 z\u0142<\/td>\n<td class=\"has-text-align-center\" data-align=\"center\">50 Z\u0141<\/td>\n<\/tr>\n<tr>\n<td class=\"has-text-align-center\" data-align=\"center\">koszyk, torba rowerowa dla psa do 6 kg<\/td>\n<td class=\"has-text-align-center\" data-align=\"center\">3 z\u0142&nbsp;<\/td>\n<td class=\"has-text-align-center\" data-align=\"center\">10 z\u0142&nbsp;<\/td>\n<td class=\"has-text-align-center\" data-align=\"center\">12 z\u0142<\/td>\n<\/tr>\n<\/tbody>\n<\/table>\n<figcaption><\/figcaption>\n<figcaption><\/figcaption>\n<figcaption><strong>10 h* &#8211;&nbsp; od godz. 9.00 &#8211; 19.00. (w okresie od 01.04.2025 do 30.04.2025);&nbsp;&nbsp;<\/strong><\/figcaption>\n<figcaption><strong>11 h* &#8211; OD GODZ. 9.00 &#8211; 20.00 (W OKRESIE OD 01.05 &#8211; 31,05.2025)<\/strong><\/figcaption>\n<figcaption><strong>12 H*&nbsp; &#8211; OD GODZ. 9.00 &#8211; 21.00 (w okresie od 01.06.2025 do 31.08.2025)<\/strong><\/figcaption>\n<figcaption><strong>&nbsp;** &#8211; DOCZEPKA WEERIDE JEST JEDNOKO\u0141OWYM ROWEREM DLA DZIECKA NA OPONIE 20&#8221; DOCZEPIANYM POD SIODE\u0141KO TWOJEGO ROWERU<\/strong><\/figcaption>\n<figcaption><strong>&nbsp; &nbsp; &nbsp; &nbsp;Do rower\u00f3w wypo\u017cyczamy bezp\u0142atnie: kaski DLA DZIECI ORAZ LINKI ZABEZPIECZAJ\u0104CE.<\/strong><\/figcaption>\n<\/figure>\n<figure class=\"wp-block-table is-style-stripes\" style=\"text-transform: uppercase;\">\n<table class=\"has-black-color has-light-green-cyan-background-color has-text-color has-background\">\n<thead>\n<tr>\n<th class=\"has-text-align-center\" data-align=\"center\">\n<h3>w okresie letnim&nbsp; 01.07. &#8211; 31.08.<\/h3>\n<\/th>\n<th class=\"has-text-align-center\" data-align=\"center\">1 h<\/th>\n<th class=\"has-text-align-center\" data-align=\"center\">12 h*<\/th>\n<th class=\"has-text-align-center\" data-align=\"center\">24 h<\/th>\n<\/tr>\n<\/thead>\n<tbody>\n<tr>\n<td class=\"has-text-align-center\" data-align=\"center\">&nbsp; &nbsp; &nbsp; &nbsp;rower&nbsp; MIEJSKI \/ CITY BIKE&nbsp; &nbsp; &nbsp;\/26&#8221; ; 28&#8221;\/<\/td>\n<td class=\"has-text-align-center\" data-align=\"center\">10 z\u0142<\/td>\n<td class=\"has-text-align-center\" data-align=\"center\">45 z\u0142<\/td>\n<td class=\"has-text-align-center\" data-align=\"center\">55 z\u0142<\/td>\n<\/tr>\n<tr>\n<td class=\"has-text-align-center\" data-align=\"center\">rower G\u00d3RSKI; MTB; TREKKING; ROWER TR\u00d3JKO\u0141OWY<\/td>\n<td class=\"has-text-align-center\" data-align=\"center\">12 z\u0142<\/td>\n<td class=\"has-text-align-center\" data-align=\"center\">50 z\u0142<\/td>\n<td class=\"has-text-align-center\" data-align=\"center\">60 z\u0142<\/td>\n<\/tr>\n<tr>\n<td class=\"has-text-align-center\" data-align=\"center\">rower dzieci\u0119cy&nbsp; \/ 16&#8221;; 20&#8221;; 24&#8221;\/<\/td>\n<td class=\"has-text-align-center\" data-align=\"center\">9 z\u0142<\/td>\n<td class=\"has-text-align-center\" data-align=\"center\">35 z\u0142<\/td>\n<td class=\"has-text-align-center\" data-align=\"center\">50 z\u0142<\/td>\n<\/tr>\n<tr>\n<td class=\"has-text-align-center\" data-align=\"center\">rower elektryczny \/ E-BIKE&nbsp; 28&#8221;<\/td>\n<td class=\"has-text-align-center\" data-align=\"center\">25 z\u0142<\/td>\n<td class=\"has-text-align-center\" data-align=\"center\">120 z\u0142<\/td>\n<td class=\"has-text-align-center\" data-align=\"center\">&#8211;<\/td>\n<\/tr>\n<tr>\n<td class=\"has-text-align-center\" data-align=\"center\">ROWER + przyczepkA DLA DZIECI \/1-OS. ; 2-OS.\/<\/td>\n<td class=\"has-text-align-center\" data-align=\"center\">20 z\u0142<\/td>\n<td class=\"has-text-align-center\" data-align=\"center\">80 z\u0142<\/td>\n<td class=\"has-text-align-center\" data-align=\"center\">90 z\u0142<\/td>\n<\/tr>\n<tr>\n<td class=\"has-text-align-center\" data-align=\"center\">rower + fotelik dla dziecka hamax do 22 kg<\/td>\n<td class=\"has-text-align-center\" data-align=\"center\">15 z\u0142<\/td>\n<td class=\"has-text-align-center\" data-align=\"center\">50 z\u0142<\/td>\n<td class=\"has-text-align-center\" data-align=\"center\">60 Z\u0141<\/td>\n<\/tr>\n<tr>\n<td class=\"has-text-align-center\" data-align=\"center\">&nbsp; &nbsp; &nbsp;przyczepka ROWEROWO-SPACEROWA&nbsp; \/1-os. ; 2-OS.\/<\/td>\n<td class=\"has-text-align-center\" data-align=\"center\">12 z\u0142<\/td>\n<td class=\"has-text-align-center\" data-align=\"center\">50 z\u0142<\/td>\n<td class=\"has-text-align-center\" data-align=\"center\">60 Z\u0141<\/td>\n<\/tr>\n<tr>\n<td class=\"has-text-align-center\" data-align=\"center\">&nbsp; doczepka WEERIDE DLA DZIECKA&nbsp; \/20&#8221;\/ **<\/td>\n<td class=\"has-text-align-center\" data-align=\"center\">9 z\u0142<\/td>\n<td class=\"has-text-align-center\" data-align=\"center\">30 z\u0142<\/td>\n<td class=\"has-text-align-center\" data-align=\"center\">40 z\u0142<\/td>\n<\/tr>\n<tr>\n<td class=\"has-text-align-center\" data-align=\"center\">ROWER + PRZYCZEPKA DLA PSA<\/td>\n<td class=\"has-text-align-center\" data-align=\"center\">18 z\u0142<\/td>\n<td class=\"has-text-align-center\" data-align=\"center\">75 z\u0142<\/td>\n<td class=\"has-text-align-center\" data-align=\"center\">85 z\u0142<\/td>\n<\/tr>\n<tr>\n<td class=\"has-text-align-center\" data-align=\"center\">&nbsp; przyczepka ROWEROWA dla psa&nbsp; \/DO 15KG; DO 22KG \/<\/td>\n<td class=\"has-text-align-center\" data-align=\"center\">10 z\u0142<\/td>\n<td class=\"has-text-align-center\" data-align=\"center\">40 z\u0142<\/td>\n<td class=\"has-text-align-center\" data-align=\"center\">50 Z\u0141<\/td>\n<\/tr>\n<tr>\n<td class=\"has-text-align-center\" data-align=\"center\">koszyk, torba rowerowa dla psa do 6 kg<\/td>\n<td class=\"has-text-align-center\" data-align=\"center\">3 z\u0142<\/td>\n<td class=\"has-text-align-center\" data-align=\"center\">10 z\u0142&nbsp;<\/td>\n<td class=\"has-text-align-center\" data-align=\"center\">12 z\u0142<\/td>\n<\/tr>\n<\/tbody>\n<\/table>\n<figcaption><strong>12 H* &#8211; od godz. 9.00 &#8211; 21.00&nbsp; (w okresie&nbsp; od 01.07.2025&nbsp; do 31.08.2025)<\/strong><\/figcaption>\n<figcaption><strong>** &#8211;&nbsp; DOCZEPKA WEERIDE JEST JEDNOKO\u0141OWYM ROWEREM DLA DZIECKA NA OPONIE 20&#8221; DOCZEPIANYM POD SIODE\u0141KO TWOJEGO ROWERU<\/strong><\/figcaption>\n<figcaption><strong>&nbsp; &nbsp; &nbsp; &nbsp;Do rower\u00f3w wypo\u017cyczamy bezp\u0142atnie:&nbsp; kaski DLA DZIECI ORAZ&nbsp; LINKI ZABEZPIECZAJ\u0104CE.<\/strong><\/figcaption>\n<\/figure>\n<p><!-- \/wp:table --><\/p>\n<p><!-- wp:paragraph --><\/p>\n<p><!-- \/wp:paragraph --><\/p>\n<\/div>\n<p><!-- \/wp:group --><\/p>\n<\/div>\n<p><!-- \/wp:column --><\/p>\n<\/div>\n<p><!-- \/wp:columns --><\/p>\n<\/div>\n<\/div>\n<\/div>\n<\/div>\n<p>&nbsp;<!-- \/wp:column --><\/p>\n<\/div>\n<p><!-- \/wp:columns --><\/p>\n<p><!-- wp:image {\"id\":1141,\"sizeSlug\":\"large\",\"linkDestination\":\"none\",\"className\":\"is-style-default\"} --><\/p>\n<figure class=\"wp-block-image size-large is-style-default\"><\/figure>\n<p><!-- \/wp:image --><\/p>\n<p><!-- wp:paragraph --><\/p>\n<p><!-- \/wp:paragraph --><\/p>\t\t\t\t\t\t<\/div>\n\t\t\t\t<\/div>\n\t\t\t\t\t<\/div>\n\t\t<\/div>\n\t\t\t\t\t\t\t<\/div>\n\t\t<\/section>\n\t\t\t\t\t\t\t<\/div>\n\t\t","protected":false},"excerpt":{"rendered":"<p>w okresie&nbsp; 01.04. &#8211; 30.06. \/ 01.09. &#8211; 31.10. 1 h 10\/11\/12 h* 24 h &nbsp; &nbsp; &nbsp; &nbsp;rower&nbsp; MIEJSKI&nbsp; \/ CITY BIKE&nbsp; &nbsp;\/26&#8221; ; 28&#8221;\/ 9 z\u0142 40 z\u0142 50 z\u0142 rower G\u00d3RSKI, MTB, TREKKING, ROWER TR\u00d3JKO\u0141OWY 12 z\u0142 45 z\u0142 55 z\u0142 rower dzieci\u0119cy \/ 16&#8221; ; 20&#8221;; 24&#8221;\/ 8 z\u0142 35 z\u0142 &hellip; <\/p>\n<p class=\"link-more\"><a href=\"https:\/\/www.campobike.pl\/?page_id=767\" class=\"more-link\">Czytaj dalej<span class=\"screen-reader-text\"> \u201eCennik\u201d<\/span><\/a><\/p>\n","protected":false},"author":1,"featured_media":0,"parent":0,"menu_order":0,"comment_status":"closed","ping_status":"closed","template":"","meta":{"footnotes":""},"class_list":["post-767","page","type-page","status-publish","hentry"],"yoast_head":"<!-- This site is optimized with the Yoast SEO plugin v19.7.2 - https:\/\/yoast.com\/wordpress\/plugins\/seo\/ -->\n<title>Cennik - CampoBike wypo\u017cyczalnia rower&oacute;w<\/title>\n<meta name=\"description\" content=\"cennik wypo\u017cyczalni rower\u00f3w Campobike w Ko\u0142obrzegu. Wypo\u017cycz rower i zobacz naj\u0142adniejsze \u015bcie\u017cki rowerowe nad morzem !\" \/>\n<meta name=\"robots\" content=\"index, follow, max-snippet:-1, max-image-preview:large, max-video-preview:-1\" \/>\n<link rel=\"canonical\" href=\"https:\/\/www.campobike.pl\/?page_id=767\" \/>\n<meta property=\"og:locale\" content=\"pl_PL\" \/>\n<meta property=\"og:type\" content=\"article\" \/>\n<meta property=\"og:title\" content=\"Cennik - CampoBike wypo\u017cyczalnia rower&oacute;w\" \/>\n<meta property=\"og:description\" content=\"cennik wypo\u017cyczalni rower\u00f3w Campobike w Ko\u0142obrzegu. Wypo\u017cycz rower i zobacz naj\u0142adniejsze \u015bcie\u017cki rowerowe nad morzem !\" \/>\n<meta property=\"og:url\" content=\"https:\/\/www.campobike.pl\/?page_id=767\" \/>\n<meta property=\"og:site_name\" content=\"CampoBike wypo\u017cyczalnia rower&oacute;w\" \/>\n<meta property=\"article:modified_time\" content=\"2025-04-28T22:13:01+00:00\" \/>\n<meta name=\"twitter:card\" content=\"summary_large_image\" \/>\n<meta name=\"twitter:label1\" content=\"Szacowany czas czytania\" \/>\n\t<meta name=\"twitter:data1\" content=\"3 minuty\" \/>\n<script type=\"application\/ld+json\" class=\"yoast-schema-graph\">{\"@context\":\"https:\/\/schema.org\",\"@graph\":[{\"@type\":\"WebPage\",\"@id\":\"https:\/\/www.campobike.pl\/?page_id=767\",\"url\":\"https:\/\/www.campobike.pl\/?page_id=767\",\"name\":\"Cennik - CampoBike wypo\u017cyczalnia rower&oacute;w\",\"isPartOf\":{\"@id\":\"https:\/\/www.campobike.pl\/#website\"},\"datePublished\":\"2021-04-15T22:21:19+00:00\",\"dateModified\":\"2025-04-28T22:13:01+00:00\",\"description\":\"cennik wypo\u017cyczalni rower\u00f3w Campobike w Ko\u0142obrzegu. Wypo\u017cycz rower i zobacz naj\u0142adniejsze \u015bcie\u017cki rowerowe nad morzem !\",\"breadcrumb\":{\"@id\":\"https:\/\/www.campobike.pl\/?page_id=767#breadcrumb\"},\"inLanguage\":\"pl-PL\",\"potentialAction\":[{\"@type\":\"ReadAction\",\"target\":[\"https:\/\/www.campobike.pl\/?page_id=767\"]}]},{\"@type\":\"BreadcrumbList\",\"@id\":\"https:\/\/www.campobike.pl\/?page_id=767#breadcrumb\",\"itemListElement\":[{\"@type\":\"ListItem\",\"position\":1,\"name\":\"Strona g\u0142\u00f3wna\",\"item\":\"https:\/\/www.campobike.pl\/\"},{\"@type\":\"ListItem\",\"position\":2,\"name\":\"Cennik\"}]},{\"@type\":\"WebSite\",\"@id\":\"https:\/\/www.campobike.pl\/#website\",\"url\":\"https:\/\/www.campobike.pl\/\",\"name\":\"CampoBike wypo\u017cyczalnia rower&oacute;w\",\"description\":\"czas na rower\",\"publisher\":{\"@id\":\"https:\/\/www.campobike.pl\/#\/schema\/person\/7283692a098fa4cf5ee3d6ee7ff7ff01\"},\"potentialAction\":[{\"@type\":\"SearchAction\",\"target\":{\"@type\":\"EntryPoint\",\"urlTemplate\":\"https:\/\/www.campobike.pl\/?s={search_term_string}\"},\"query-input\":\"required name=search_term_string\"}],\"inLanguage\":\"pl-PL\"},{\"@type\":[\"Person\",\"Organization\"],\"@id\":\"https:\/\/www.campobike.pl\/#\/schema\/person\/7283692a098fa4cf5ee3d6ee7ff7ff01\",\"name\":\"admin\",\"image\":{\"@type\":\"ImageObject\",\"inLanguage\":\"pl-PL\",\"@id\":\"https:\/\/www.campobike.pl\/#\/schema\/person\/image\/\",\"url\":\"https:\/\/www.campobike.pl\/wp-content\/uploads\/2022\/02\/logo-zielone-prostokat-2022.jpg\",\"contentUrl\":\"https:\/\/www.campobike.pl\/wp-content\/uploads\/2022\/02\/logo-zielone-prostokat-2022.jpg\",\"width\":730,\"height\":421,\"caption\":\"admin\"},\"logo\":{\"@id\":\"https:\/\/www.campobike.pl\/#\/schema\/person\/image\/\"},\"sameAs\":[\"http:\/\/www.campobike.pl\"]}]}<\/script>\n<!-- \/ Yoast SEO plugin. -->","yoast_head_json":{"title":"Cennik - CampoBike wypo\u017cyczalnia rower&oacute;w","description":"cennik wypo\u017cyczalni rower\u00f3w Campobike w Ko\u0142obrzegu. Wypo\u017cycz rower i zobacz naj\u0142adniejsze \u015bcie\u017cki rowerowe nad morzem !","robots":{"index":"index","follow":"follow","max-snippet":"max-snippet:-1","max-image-preview":"max-image-preview:large","max-video-preview":"max-video-preview:-1"},"canonical":"https:\/\/www.campobike.pl\/?page_id=767","og_locale":"pl_PL","og_type":"article","og_title":"Cennik - CampoBike wypo\u017cyczalnia rower&oacute;w","og_description":"cennik wypo\u017cyczalni rower\u00f3w Campobike w Ko\u0142obrzegu. Wypo\u017cycz rower i zobacz naj\u0142adniejsze \u015bcie\u017cki rowerowe nad morzem !","og_url":"https:\/\/www.campobike.pl\/?page_id=767","og_site_name":"CampoBike wypo\u017cyczalnia rower&oacute;w","article_modified_time":"2025-04-28T22:13:01+00:00","twitter_card":"summary_large_image","twitter_misc":{"Szacowany czas czytania":"3 minuty"},"schema":{"@context":"https:\/\/schema.org","@graph":[{"@type":"WebPage","@id":"https:\/\/www.campobike.pl\/?page_id=767","url":"https:\/\/www.campobike.pl\/?page_id=767","name":"Cennik - CampoBike wypo\u017cyczalnia rower&oacute;w","isPartOf":{"@id":"https:\/\/www.campobike.pl\/#website"},"datePublished":"2021-04-15T22:21:19+00:00","dateModified":"2025-04-28T22:13:01+00:00","description":"cennik wypo\u017cyczalni rower\u00f3w Campobike w Ko\u0142obrzegu. Wypo\u017cycz rower i zobacz naj\u0142adniejsze \u015bcie\u017cki rowerowe nad morzem !","breadcrumb":{"@id":"https:\/\/www.campobike.pl\/?page_id=767#breadcrumb"},"inLanguage":"pl-PL","potentialAction":[{"@type":"ReadAction","target":["https:\/\/www.campobike.pl\/?page_id=767"]}]},{"@type":"BreadcrumbList","@id":"https:\/\/www.campobike.pl\/?page_id=767#breadcrumb","itemListElement":[{"@type":"ListItem","position":1,"name":"Strona g\u0142\u00f3wna","item":"https:\/\/www.campobike.pl\/"},{"@type":"ListItem","position":2,"name":"Cennik"}]},{"@type":"WebSite","@id":"https:\/\/www.campobike.pl\/#website","url":"https:\/\/www.campobike.pl\/","name":"CampoBike wypo\u017cyczalnia rower&oacute;w","description":"czas na rower","publisher":{"@id":"https:\/\/www.campobike.pl\/#\/schema\/person\/7283692a098fa4cf5ee3d6ee7ff7ff01"},"potentialAction":[{"@type":"SearchAction","target":{"@type":"EntryPoint","urlTemplate":"https:\/\/www.campobike.pl\/?s={search_term_string}"},"query-input":"required name=search_term_string"}],"inLanguage":"pl-PL"},{"@type":["Person","Organization"],"@id":"https:\/\/www.campobike.pl\/#\/schema\/person\/7283692a098fa4cf5ee3d6ee7ff7ff01","name":"admin","image":{"@type":"ImageObject","inLanguage":"pl-PL","@id":"https:\/\/www.campobike.pl\/#\/schema\/person\/image\/","url":"https:\/\/www.campobike.pl\/wp-content\/uploads\/2022\/02\/logo-zielone-prostokat-2022.jpg","contentUrl":"https:\/\/www.campobike.pl\/wp-content\/uploads\/2022\/02\/logo-zielone-prostokat-2022.jpg","width":730,"height":421,"caption":"admin"},"logo":{"@id":"https:\/\/www.campobike.pl\/#\/schema\/person\/image\/"},"sameAs":["http:\/\/www.campobike.pl"]}]}},"_links":{"self":[{"href":"https:\/\/www.campobike.pl\/index.php?rest_route=\/wp\/v2\/pages\/767","targetHints":{"allow":["GET"]}}],"collection":[{"href":"https:\/\/www.campobike.pl\/index.php?rest_route=\/wp\/v2\/pages"}],"about":[{"href":"https:\/\/www.campobike.pl\/index.php?rest_route=\/wp\/v2\/types\/page"}],"author":[{"embeddable":true,"href":"https:\/\/www.campobike.pl\/index.php?rest_route=\/wp\/v2\/users\/1"}],"replies":[{"embeddable":true,"href":"https:\/\/www.campobike.pl\/index.php?rest_route=%2Fwp%2Fv2%2Fcomments&post=767"}],"version-history":[{"count":239,"href":"https:\/\/www.campobike.pl\/index.php?rest_route=\/wp\/v2\/pages\/767\/revisions"}],"predecessor-version":[{"id":2294,"href":"https:\/\/www.campobike.pl\/index.php?rest_route=\/wp\/v2\/pages\/767\/revisions\/2294"}],"wp:attachment":[{"href":"https:\/\/www.campobike.pl\/index.php?rest_route=%2Fwp%2Fv2%2Fmedia&parent=767"}],"curies":[{"name":"wp","href":"https:\/\/api.w.org\/{rel}","templated":true}]}}