{"id":809,"date":"2022-01-21T02:38:17","date_gmt":"2022-01-21T02:38:17","guid":{"rendered":"https:\/\/www.campobike.pl\/?page_id=809"},"modified":"2022-05-11T12:45:14","modified_gmt":"2022-05-11T12:45:14","slug":"trasy-rowerowe","status":"publish","type":"page","link":"https:\/\/www.campobike.pl\/?page_id=809","title":{"rendered":"Trasy rowerowe"},"content":{"rendered":"\t\t<div data-elementor-type=\"wp-page\" data-elementor-id=\"809\" class=\"elementor elementor-809\">\n\t\t\t\t\t\t\t\t\t<section class=\"elementor-section elementor-top-section elementor-element elementor-element-140c2089 elementor-section-stretched elementor-section-boxed elementor-section-height-default elementor-section-height-default\" data-id=\"140c2089\" data-element_type=\"section\" data-settings=\"{&quot;stretch_section&quot;:&quot;section-stretched&quot;}\">\n\t\t\t\t\t\t<div class=\"elementor-container elementor-column-gap-default\">\n\t\t\t\t\t<div class=\"elementor-column elementor-col-100 elementor-top-column elementor-element elementor-element-111d244f\" data-id=\"111d244f\" data-element_type=\"column\">\n\t\t\t<div class=\"elementor-widget-wrap elementor-element-populated\">\n\t\t\t\t\t\t\t\t<div class=\"elementor-element elementor-element-62c5de55 elementor-widget elementor-widget-text-editor\" data-id=\"62c5de55\" data-element_type=\"widget\" data-widget_type=\"text-editor.default\">\n\t\t\t\t<div class=\"elementor-widget-container\">\n\t\t\t\t\t\t\t<h2 class=\"heading-title aligned type--heading-lg\">\u00a0<\/h2><div class=\"l-area\"><div class=\"l-cols l-wrap l-margin--top-xs l-cols--gap-xs l-cols--2\"><div class=\"l-area l-area--padding-sm\"><iframe src=\"https:\/\/www.bikemap.net\/en\/r\/4917256\/widget\/?width=425&amp;height=400&amp;unit=metric\" width=\"100%\" height=\"400\" frameborder=\"0\" marginwidth=\"0\" marginheight=\"0\" scrolling=\"no\"> <\/iframe><\/div><div class=\"l-area l-area--padding-sm\"><iframe src=\"https:\/\/www.bikemap.net\/en\/r\/4657404\/widget\/?width=425&amp;height=400&amp;unit=metric\" width=\"100%\" height=\"400\" frameborder=\"0\" marginwidth=\"0\" marginheight=\"0\" scrolling=\"no\"> <\/iframe><\/div><\/div><\/div><div class=\"l-area\"><div class=\"l-cols l-wrap l-cols--2 l-cols--gap-xs\"><div class=\"l-area l-area--padding-sm\"><iframe src=\"https:\/\/www.bikemap.net\/en\/r\/4656297\/widget\/?width=425&amp;height=400&amp;unit=metric\" width=\"100%\" height=\"400\" frameborder=\"0\" marginwidth=\"0\" marginheight=\"0\" scrolling=\"no\"> <\/iframe><\/div><div class=\"l-area l-area--padding-sm\"><iframe src=\"https:\/\/www.bikemap.net\/en\/r\/4656353\/widget\/?width=425&amp;height=400&amp;unit=metric\" width=\"100%\" height=\"400\" frameborder=\"0\" marginwidth=\"0\" marginheight=\"0\" scrolling=\"no\"> <\/iframe><\/div><\/div><\/div><div class=\"l-area\"><div class=\"l-cols l-wrap l-cols--gap-xs l-cols--2\"><div class=\"l-area l-area--padding-sm\"><iframe src=\"https:\/\/www.bikemap.net\/en\/r\/4915981\/widget\/?width=425&amp;height=400&amp;unit=metric\" width=\"100%\" height=\"400\" frameborder=\"0\" marginwidth=\"0\" marginheight=\"0\" scrolling=\"no\"> <\/iframe><\/div><div class=\"l-area l-area--padding-sm\"><iframe src=\"https:\/\/www.bikemap.net\/en\/r\/4949183\/widget\/?width=425&amp;height=400&amp;unit=metric\" width=\"100%\" height=\"400\" frameborder=\"0\" marginwidth=\"0\" marginheight=\"0\" scrolling=\"no\"> <\/iframe><\/div><\/div><\/div><div class=\"l-area\"><div class=\"l-wrap l-cols l-cols--gap-xs l-cols--2\"><div class=\"l-area l-area--padding-sm\"><iframe src=\"https:\/\/www.bikemap.net\/en\/r\/730947\/widget\/?width=425&amp;height=400&amp;unit=metric\" width=\"100%\" height=\"400\" frameborder=\"0\" marginwidth=\"0\" marginheight=\"0\" scrolling=\"no\"> <\/iframe><\/div><div class=\"l-area l-area--padding-sm\"><iframe src=\"https:\/\/www.bikemap.net\/en\/r\/4291226\/widget\/?width=425&amp;height=400&amp;unit=metric\" width=\"100%\" height=\"400\" frameborder=\"0\" marginwidth=\"0\" marginheight=\"0\" scrolling=\"no\"> <\/iframe><\/div><\/div><\/div><div class=\"l-area\"><div class=\"l-wrap l-cols l-cols--gap-xs l-cols--2\"><div class=\"l-area l-area--padding-sm\"><iframe src=\"https:\/\/www.bikemap.net\/en\/r\/4490387\/widget\/?width=425&amp;height=400&amp;unit=metric\" width=\"100%\" height=\"400\" frameborder=\"0\" marginwidth=\"0\" marginheight=\"0\" scrolling=\"no\"> <\/iframe><\/div><div class=\"l-area l-area--padding-sm\"><iframe src=\"https:\/\/www.bikemap.net\/en\/r\/4957914\/widget\/?width=425&amp;height=400&amp;unit=metric\" width=\"100%\" height=\"400\" frameborder=\"0\" marginwidth=\"0\" marginheight=\"0\" scrolling=\"no\"> <\/iframe><\/div><\/div><\/div><div class=\"l-area\"><div class=\"l-cols l-cols--gap-xs l-rows--center l-margin--top-xs\" data-items=\"1\"><div class=\"l-area\"><a class=\"c-btn aligned hover l-area c-btn--sm hover-fade-dark c-btn--btn type--btn c-btn--primary\" title=\"Ponad 300 tras w Ko\u0142obrzegu i mo\u017cesz wybra\u0107\" href=\"https:\/\/www.bikemap.net\/en\/search\/?q=&amp;page=1&amp;categories=1&amp;categories=2&amp;categories=4&amp;surfaces=1&amp;surfaces=2&amp;surfaces=4&amp;rating_min=0&amp;route_type=all&amp;sort=relevance&amp;distance=0&amp;distance=500&amp;ascent=0&amp;ascent=3000&amp;location=3095795&amp;location_radius_plus=0&amp;bounds=15.506594591903506%2C54.13068391970406%2C15.660245408096495%2C54.22061608029593\" rel=\"nofollow\" data-zuu-tooltip=\"data-zuu-tooltip\" data-zuu-reveal=\"children\"><i class=\"fh fh-circle-chevron-right\"><\/i><span class=\"c-btn__label\">Wi\u0119cej tras<\/span><\/a><\/div><\/div><\/div>\t\t\t\t\t\t<\/div>\n\t\t\t\t<\/div>\n\t\t\t\t\t<\/div>\n\t\t<\/div>\n\t\t\t\t\t\t\t<\/div>\n\t\t<\/section>\n\t\t\t\t\t\t\t<\/div>\n\t\t","protected":false},"excerpt":{"rendered":"<p>\u00a0 Wi\u0119cej tras<\/p>\n","protected":false},"author":1,"featured_media":0,"parent":0,"menu_order":0,"comment_status":"closed","ping_status":"closed","template":"","meta":{"footnotes":""},"class_list":["post-809","page","type-page","status-publish","hentry"],"yoast_head":"<!-- This site is optimized with the Yoast SEO plugin v19.7.2 - https:\/\/yoast.com\/wordpress\/plugins\/seo\/ -->\n<title>Trasy rowerowe - CampoBike wypo\u017cyczalnia rower&oacute;w<\/title>\n<meta name=\"robots\" content=\"index, follow, max-snippet:-1, max-image-preview:large, max-video-preview:-1\" \/>\n<link rel=\"canonical\" href=\"https:\/\/www.campobike.pl\/?page_id=809\" \/>\n<meta property=\"og:locale\" content=\"pl_PL\" \/>\n<meta property=\"og:type\" content=\"article\" \/>\n<meta property=\"og:title\" content=\"Trasy rowerowe - CampoBike wypo\u017cyczalnia rower&oacute;w\" \/>\n<meta property=\"og:description\" content=\"\u00a0 Wi\u0119cej tras\" \/>\n<meta property=\"og:url\" content=\"https:\/\/www.campobike.pl\/?page_id=809\" \/>\n<meta property=\"og:site_name\" content=\"CampoBike wypo\u017cyczalnia rower&oacute;w\" \/>\n<meta property=\"article:modified_time\" content=\"2022-05-11T12:45:14+00:00\" \/>\n<meta name=\"twitter:card\" content=\"summary_large_image\" \/>\n<meta name=\"twitter:label1\" content=\"Szacowany czas czytania\" \/>\n\t<meta name=\"twitter:data1\" content=\"1 minuta\" \/>\n<script type=\"application\/ld+json\" class=\"yoast-schema-graph\">{\"@context\":\"https:\/\/schema.org\",\"@graph\":[{\"@type\":\"WebPage\",\"@id\":\"https:\/\/www.campobike.pl\/?page_id=809\",\"url\":\"https:\/\/www.campobike.pl\/?page_id=809\",\"name\":\"Trasy rowerowe - CampoBike wypo\u017cyczalnia rower&oacute;w\",\"isPartOf\":{\"@id\":\"https:\/\/www.campobike.pl\/#website\"},\"datePublished\":\"2022-01-21T02:38:17+00:00\",\"dateModified\":\"2022-05-11T12:45:14+00:00\",\"breadcrumb\":{\"@id\":\"https:\/\/www.campobike.pl\/?page_id=809#breadcrumb\"},\"inLanguage\":\"pl-PL\",\"potentialAction\":[{\"@type\":\"ReadAction\",\"target\":[\"https:\/\/www.campobike.pl\/?page_id=809\"]}]},{\"@type\":\"BreadcrumbList\",\"@id\":\"https:\/\/www.campobike.pl\/?page_id=809#breadcrumb\",\"itemListElement\":[{\"@type\":\"ListItem\",\"position\":1,\"name\":\"Strona g\u0142\u00f3wna\",\"item\":\"https:\/\/www.campobike.pl\/\"},{\"@type\":\"ListItem\",\"position\":2,\"name\":\"Trasy rowerowe\"}]},{\"@type\":\"WebSite\",\"@id\":\"https:\/\/www.campobike.pl\/#website\",\"url\":\"https:\/\/www.campobike.pl\/\",\"name\":\"CampoBike wypo\u017cyczalnia rower&oacute;w\",\"description\":\"czas na rower\",\"publisher\":{\"@id\":\"https:\/\/www.campobike.pl\/#\/schema\/person\/7283692a098fa4cf5ee3d6ee7ff7ff01\"},\"potentialAction\":[{\"@type\":\"SearchAction\",\"target\":{\"@type\":\"EntryPoint\",\"urlTemplate\":\"https:\/\/www.campobike.pl\/?s={search_term_string}\"},\"query-input\":\"required name=search_term_string\"}],\"inLanguage\":\"pl-PL\"},{\"@type\":[\"Person\",\"Organization\"],\"@id\":\"https:\/\/www.campobike.pl\/#\/schema\/person\/7283692a098fa4cf5ee3d6ee7ff7ff01\",\"name\":\"admin\",\"image\":{\"@type\":\"ImageObject\",\"inLanguage\":\"pl-PL\",\"@id\":\"https:\/\/www.campobike.pl\/#\/schema\/person\/image\/\",\"url\":\"https:\/\/www.campobike.pl\/wp-content\/uploads\/2022\/02\/logo-zielone-prostokat-2022.jpg\",\"contentUrl\":\"https:\/\/www.campobike.pl\/wp-content\/uploads\/2022\/02\/logo-zielone-prostokat-2022.jpg\",\"width\":730,\"height\":421,\"caption\":\"admin\"},\"logo\":{\"@id\":\"https:\/\/www.campobike.pl\/#\/schema\/person\/image\/\"},\"sameAs\":[\"http:\/\/www.campobike.pl\"]}]}<\/script>\n<!-- \/ Yoast SEO plugin. -->","yoast_head_json":{"title":"Trasy rowerowe - CampoBike wypo\u017cyczalnia rower&oacute;w","robots":{"index":"index","follow":"follow","max-snippet":"max-snippet:-1","max-image-preview":"max-image-preview:large","max-video-preview":"max-video-preview:-1"},"canonical":"https:\/\/www.campobike.pl\/?page_id=809","og_locale":"pl_PL","og_type":"article","og_title":"Trasy rowerowe - CampoBike wypo\u017cyczalnia rower&oacute;w","og_description":"\u00a0 Wi\u0119cej tras","og_url":"https:\/\/www.campobike.pl\/?page_id=809","og_site_name":"CampoBike wypo\u017cyczalnia rower&oacute;w","article_modified_time":"2022-05-11T12:45:14+00:00","twitter_card":"summary_large_image","twitter_misc":{"Szacowany czas czytania":"1 minuta"},"schema":{"@context":"https:\/\/schema.org","@graph":[{"@type":"WebPage","@id":"https:\/\/www.campobike.pl\/?page_id=809","url":"https:\/\/www.campobike.pl\/?page_id=809","name":"Trasy rowerowe - CampoBike wypo\u017cyczalnia rower&oacute;w","isPartOf":{"@id":"https:\/\/www.campobike.pl\/#website"},"datePublished":"2022-01-21T02:38:17+00:00","dateModified":"2022-05-11T12:45:14+00:00","breadcrumb":{"@id":"https:\/\/www.campobike.pl\/?page_id=809#breadcrumb"},"inLanguage":"pl-PL","potentialAction":[{"@type":"ReadAction","target":["https:\/\/www.campobike.pl\/?page_id=809"]}]},{"@type":"BreadcrumbList","@id":"https:\/\/www.campobike.pl\/?page_id=809#breadcrumb","itemListElement":[{"@type":"ListItem","position":1,"name":"Strona g\u0142\u00f3wna","item":"https:\/\/www.campobike.pl\/"},{"@type":"ListItem","position":2,"name":"Trasy rowerowe"}]},{"@type":"WebSite","@id":"https:\/\/www.campobike.pl\/#website","url":"https:\/\/www.campobike.pl\/","name":"CampoBike wypo\u017cyczalnia rower&oacute;w","description":"czas na rower","publisher":{"@id":"https:\/\/www.campobike.pl\/#\/schema\/person\/7283692a098fa4cf5ee3d6ee7ff7ff01"},"potentialAction":[{"@type":"SearchAction","target":{"@type":"EntryPoint","urlTemplate":"https:\/\/www.campobike.pl\/?s={search_term_string}"},"query-input":"required name=search_term_string"}],"inLanguage":"pl-PL"},{"@type":["Person","Organization"],"@id":"https:\/\/www.campobike.pl\/#\/schema\/person\/7283692a098fa4cf5ee3d6ee7ff7ff01","name":"admin","image":{"@type":"ImageObject","inLanguage":"pl-PL","@id":"https:\/\/www.campobike.pl\/#\/schema\/person\/image\/","url":"https:\/\/www.campobike.pl\/wp-content\/uploads\/2022\/02\/logo-zielone-prostokat-2022.jpg","contentUrl":"https:\/\/www.campobike.pl\/wp-content\/uploads\/2022\/02\/logo-zielone-prostokat-2022.jpg","width":730,"height":421,"caption":"admin"},"logo":{"@id":"https:\/\/www.campobike.pl\/#\/schema\/person\/image\/"},"sameAs":["http:\/\/www.campobike.pl"]}]}},"_links":{"self":[{"href":"https:\/\/www.campobike.pl\/index.php?rest_route=\/wp\/v2\/pages\/809","targetHints":{"allow":["GET"]}}],"collection":[{"href":"https:\/\/www.campobike.pl\/index.php?rest_route=\/wp\/v2\/pages"}],"about":[{"href":"https:\/\/www.campobike.pl\/index.php?rest_route=\/wp\/v2\/types\/page"}],"author":[{"embeddable":true,"href":"https:\/\/www.campobike.pl\/index.php?rest_route=\/wp\/v2\/users\/1"}],"replies":[{"embeddable":true,"href":"https:\/\/www.campobike.pl\/index.php?rest_route=%2Fwp%2Fv2%2Fcomments&post=809"}],"version-history":[{"count":8,"href":"https:\/\/www.campobike.pl\/index.php?rest_route=\/wp\/v2\/pages\/809\/revisions"}],"predecessor-version":[{"id":1758,"href":"https:\/\/www.campobike.pl\/index.php?rest_route=\/wp\/v2\/pages\/809\/revisions\/1758"}],"wp:attachment":[{"href":"https:\/\/www.campobike.pl\/index.php?rest_route=%2Fwp%2Fv2%2Fmedia&parent=809"}],"curies":[{"name":"wp","href":"https:\/\/api.w.org\/{rel}","templated":true}]}}